{"id":3359,"date":"2026-02-02T11:35:06","date_gmt":"2026-02-02T08:35:06","guid":{"rendered":"https:\/\/erkanpartners.com\/?page_id=3359"},"modified":"2026-04-22T14:21:22","modified_gmt":"2026-04-22T11:21:22","slug":"our-team","status":"publish","type":"page","link":"https:\/\/erkanpartners.com\/?page_id=3359","title":{"rendered":"Our Team"},"content":{"rendered":"\t\t<div data-elementor-type=\"wp-page\" data-elementor-id=\"3359\" class=\"elementor elementor-3359\">\n\t\t\t\t<div class=\"elementor-element elementor-element-64493a0d e-con-full e-flex e-con e-parent\" data-id=\"64493a0d\" data-element_type=\"container\" data-e-type=\"container\">\n\t\t<div class=\"elementor-element elementor-element-2a618cd3 e-flex e-con-boxed e-con e-child\" data-id=\"2a618cd3\" data-element_type=\"container\" data-e-type=\"container\" data-settings=\"{&quot;background_background&quot;:&quot;classic&quot;,&quot;shape_divider_top&quot;:&quot;drops&quot;,&quot;animation&quot;:&quot;none&quot;}\">\n\t\t\t\t\t<div class=\"e-con-inner\">\n\t\t\t\t<div class=\"elementor-shape elementor-shape-top\" aria-hidden=\"true\" data-negative=\"false\">\n\t\t\t<svg xmlns=\"http:\/\/www.w3.org\/2000\/svg\" height=\"100%\" viewBox=\"0 0 283.5 27.8\" preserveAspectRatio=\"xMidYMax slice\">\n\t<path class=\"elementor-shape-fill\" d=\"M0 0v1.4c.6.7 1.1 1.4 1.4 2 2 3.8 2.2 6.6 1.8 10.8-.3 3.3-2.4 9.4 0 12.3 1.7 2 3.7 1.4 4.6-.9 1.4-3.8-.7-8.2-.6-12 .1-3.7 3.2-5.5 6.9-4.9 4 .6 4.8 4 4.9 7.4.1 1.8-1.1 7 0 8.5.6.8 1.6 1.2 2.4.5 1.4-1.1.1-5.4.1-6.9.1-3.7.3-8.6 4.1-10.5 5-2.5 6.2 1.6 5.4 5.6-.4 1.7-1 9.2 2.9 6.3 1.5-1.1.7-3.5.5-4.9-.4-2.4-.4-4.3 1-6.5.9-1.4 2.4-3.1 4.2-3 2.4.1 2.7 2.2 4 3.7 1.5 1.8 1.8 2.2 3 .1 1.1-1.9 1.2-2.8 3.6-3.3 1.3-.3 4.8-1.4 5.9-.5 1.5 1.1.6 2.8.4 4.3-.2 1.1-.6 4 1.8 3.4 1.7-.4-.3-4.1.6-5.6 1.3-2.2 5.8-1.4 7 .5 1.3 2.1.5 5.8.1 8.1s-1.2 5-.6 7.4c1.3 5.1 4.4.9 4.3-2.4-.1-4.4-2-8.8-.5-13 .9-2.4 4.6-6.6 7.7-4.5 2.7 1.8.5 7.8.2 10.3-.2 1.7-.8 4.6.2 6.2.9 1.4 2 1.5 2.6-.3.5-1.5-.9-4.5-1-6.1-.2-1.7-.4-3.7.2-5.4 1.8-5.6 3.5 2.4 6.3.6 1.4-.9 4.3-9.4 6.1-3.1.6 2.2-1.3 7.8.7 8.9 4.2 2.3 1.5-7.1 2.2-8 3.1-4 4.7 3.8 6.1 4.1 3.1.7 2.8-7.9 8.1-4.5 1.7 1.1 2.9 3.3 3.2 5.2.4 2.2-1 4.5-.6 6.6 1 4.3 4.4 1.5 4.4-1.7 0-2.7-3-8.3 1.4-9.1 4.4-.9 7.3 3.5 7.8 6.9.3 2-1.5 10.9 1.3 11.3 4.1.6-3.2-15.7 4.8-15.8 4.7-.1 2.8 4.1 3.9 6.6 1 2.4 2.1 1 2.3-.8.3-1.9-.9-3.2 1.3-4.3 5.9-2.9 5.9 5.4 5.5 8.5-.3 2-1.7 8.4 2 8.1 6.9-.5-2.8-16.9 4.8-18.7 4.7-1.2 6.1 3.6 6.3 7.1.1 1.7-1.2 8.1.6 9.1 3.5 2 1.9-7 2-8.4.2-4 1.2-9.6 6.4-9.8 4.7-.2 3.2 4.6 2.7 7.5-.4 2.2 1.3 8.6 3.8 4.4 1.1-1.9-.3-4.1-.3-6 0-1.7.4-3.2 1.3-4.6 1-1.6 2.9-3.5 5.1-2.9 2.5.6 2.3 4.1 4.1 4.9 1.9.8 1.6-.9 2.3-2.1 1.2-2.1 2.1-2.1 4.4-2.4 1.4-.2 3.6-1.5 4.9-.5 2.3 1.7-.7 4.4.1 6.5.6 1.5 2.1 1.7 2.8.3.7-1.4-1.1-3.4-.3-4.8 1.4-2.5 6.2-1.2 7.2 1 2.3 4.8-3.3 12-.2 16.3 3 4.1 3.9-2.8 3.8-4.8-.4-4.3-2.1-8.9 0-13.1 1.3-2.5 5.9-5.7 7.9-2.4 2 3.2-1.3 9.8-.8 13.4.5 4.4 3.5 3.3 2.7-.8-.4-1.9-2.4-10 .6-11.1 3.7-1.4 2.8 7.2 6.5.4 2.2-4.1 4.9-3.1 5.2 1.2.1 1.5-.6 3.1-.4 4.6.2 1.9 1.8 3.7 3.3 1.3 1-1.6-2.6-10.4 2.9-7.3 2.6 1.5 1.6 6.5 4.8 2.7 1.3-1.5 1.7-3.6 4-3.7 2.2-.1 4 2.3 4.8 4.1 1.3 2.9-1.5 8.4.9 10.3 4.2 3.3 3-5.5 2.7-6.9-.6-3.9 1-7.2 5.5-5 4.1 2.1 4.3 7.7 4.1 11.6 0 .8-.6 9.5 2.5 5.2 1.2-1.7-.1-7.7.1-9.6.3-2.9 1.2-5.5 4.3-6.2 4.5-1 7.7 1.5 7.4 5.8-.2 3.5-1.8 7.7-.5 11.1 1 2.7 3.6 2.8 5 .2 1.6-3.1 0-8.3-.4-11.6-.4-4.2-.2-7 1.8-10.8 0 0-.1.1-.1.2-.2.4-.3.7-.4.8v.1c-.1.2-.1.2 0 0v-.1l.4-.8c0-.1.1-.1.1-.2.2-.4.5-.8.8-1.2V0H0zM282.7 3.4z\"\/>\n<\/svg>\t\t<\/div>\n\t\t\t\t<div class=\"elementor-element elementor-element-249d44d3 elementor-widget__width-initial elementor-absolute elementor-widget elementor-widget-heading\" data-id=\"249d44d3\" data-element_type=\"widget\" data-e-type=\"widget\" data-settings=\"{&quot;_position&quot;:&quot;absolute&quot;}\" data-widget_type=\"heading.default\">\n\t\t\t\t<div class=\"elementor-widget-container\">\n\t\t\t\t\t<h2 class=\"elementor-heading-title elementor-size-default\">OUR TEAM<\/h2>\t\t\t\t<\/div>\n\t\t\t\t<\/div>\n\t\t\t\t\t<\/div>\n\t\t\t\t<\/div>\n\t\t\t\t<\/div>\n\t\t<div class=\"elementor-element elementor-element-47fbb239 e-flex e-con-boxed e-con e-parent\" data-id=\"47fbb239\" data-element_type=\"container\" data-e-type=\"container\">\n\t\t\t\t\t<div class=\"e-con-inner\">\n\t\t<div class=\"elementor-element elementor-element-34871545 e-con-full e-flex e-con e-child\" data-id=\"34871545\" data-element_type=\"container\" data-e-type=\"container\">\n\t\t\t\t<div class=\"elementor-element elementor-element-5b564eff elementor-widget__width-inherit \tpopmake-3367 elementor-widget elementor-widget-image\" data-id=\"5b564eff\" data-element_type=\"widget\" data-e-type=\"widget\" data-widget_type=\"image.default\">\n\t\t\t\t<div class=\"elementor-widget-container\">\n\t\t\t\t\t\t\t\t\t\t\t\t<figure class=\"wp-caption\">\n\t\t\t\t\t\t\t\t\t\t\t<a href=\"#\">\n\t\t\t\t\t\t\t<img fetchpriority=\"high\" decoding=\"async\" width=\"1024\" height=\"768\" src=\"https:\/\/erkanpartners.com\/wp-content\/uploads\/2026\/01\/gogusten-1-1024x768.jpeg\" class=\"elementor-animation-grow attachment-large size-large wp-image-3237\" alt=\"\" srcset=\"https:\/\/erkanpartners.com\/wp-content\/uploads\/2026\/01\/gogusten-1-1024x768.jpeg 1024w, https:\/\/erkanpartners.com\/wp-content\/uploads\/2026\/01\/gogusten-1-300x225.jpeg 300w, https:\/\/erkanpartners.com\/wp-content\/uploads\/2026\/01\/gogusten-1-768x576.jpeg 768w, https:\/\/erkanpartners.com\/wp-content\/uploads\/2026\/01\/gogusten-1-1536x1152.jpeg 1536w, https:\/\/erkanpartners.com\/wp-content\/uploads\/2026\/01\/gogusten-1-2048x1536.jpeg 2048w\" sizes=\"(max-width: 1024px) 100vw, 1024px\" \/>\t\t\t\t\t\t\t\t<\/a>\n\t\t\t\t\t\t\t\t\t\t\t<figcaption class=\"widget-image-caption wp-caption-text\">Prof. Mustafa ERKAN, Founding Lawyer<\/figcaption>\n\t\t\t\t\t\t\t\t\t\t<\/figure>\n\t\t\t\t\t\t\t\t\t<\/div>\n\t\t\t\t<\/div>\n\t\t\t\t<\/div>\n\t\t\t\t\t<\/div>\n\t\t\t\t<\/div>\n\t\t<div class=\"elementor-element elementor-element-6d024c86 e-grid e-con-boxed e-con e-parent\" data-id=\"6d024c86\" data-element_type=\"container\" data-e-type=\"container\">\n\t\t\t\t\t<div class=\"e-con-inner\">\n\t\t\t\t<div class=\"elementor-element elementor-element-33d267ed popmake-3383 elementor-widget elementor-widget-image\" data-id=\"33d267ed\" data-element_type=\"widget\" data-e-type=\"widget\" data-widget_type=\"image.default\">\n\t\t\t\t<div class=\"elementor-widget-container\">\n\t\t\t\t\t\t\t\t\t\t\t\t<figure class=\"wp-caption\">\n\t\t\t\t\t\t\t\t\t\t\t<a href=\"#\">\n\t\t\t\t\t\t\t<img decoding=\"async\" width=\"890\" height=\"668\" src=\"https:\/\/erkanpartners.com\/wp-content\/uploads\/2026\/02\/fatmahanimhd.jpeg\" class=\"elementor-animation-grow attachment-large size-large wp-image-3576\" alt=\"\" srcset=\"https:\/\/erkanpartners.com\/wp-content\/uploads\/2026\/02\/fatmahanimhd.jpeg 890w, https:\/\/erkanpartners.com\/wp-content\/uploads\/2026\/02\/fatmahanimhd-300x225.jpeg 300w, https:\/\/erkanpartners.com\/wp-content\/uploads\/2026\/02\/fatmahanimhd-768x576.jpeg 768w\" sizes=\"(max-width: 890px) 100vw, 890px\" \/>\t\t\t\t\t\t\t\t<\/a>\n\t\t\t\t\t\t\t\t\t\t\t<figcaption class=\"widget-image-caption wp-caption-text\">Fatma Nur \u00c7EL\u0130K, Associate<\/figcaption>\n\t\t\t\t\t\t\t\t\t\t<\/figure>\n\t\t\t\t\t\t\t\t\t<\/div>\n\t\t\t\t<\/div>\n\t\t\t\t<div class=\"elementor-element elementor-element-6df15931 popmake-3398 elementor-widget elementor-widget-image\" data-id=\"6df15931\" data-element_type=\"widget\" data-e-type=\"widget\" data-widget_type=\"image.default\">\n\t\t\t\t<div class=\"elementor-widget-container\">\n\t\t\t\t\t\t\t\t\t\t\t\t<figure class=\"wp-caption\">\n\t\t\t\t\t\t\t\t\t\t\t<a href=\"#\">\n\t\t\t\t\t\t\t<img decoding=\"async\" width=\"1024\" height=\"768\" src=\"https:\/\/erkanpartners.com\/wp-content\/uploads\/2026\/01\/WhatsApp-Image-2026-01-29-at-17.50.43-1-1024x768.jpeg\" class=\"elementor-animation-grow attachment-large size-large wp-image-2956\" alt=\"\" srcset=\"https:\/\/erkanpartners.com\/wp-content\/uploads\/2026\/01\/WhatsApp-Image-2026-01-29-at-17.50.43-1-1024x768.jpeg 1024w, https:\/\/erkanpartners.com\/wp-content\/uploads\/2026\/01\/WhatsApp-Image-2026-01-29-at-17.50.43-1-300x225.jpeg 300w, https:\/\/erkanpartners.com\/wp-content\/uploads\/2026\/01\/WhatsApp-Image-2026-01-29-at-17.50.43-1-768x576.jpeg 768w, https:\/\/erkanpartners.com\/wp-content\/uploads\/2026\/01\/WhatsApp-Image-2026-01-29-at-17.50.43-1-1536x1152.jpeg 1536w, https:\/\/erkanpartners.com\/wp-content\/uploads\/2026\/01\/WhatsApp-Image-2026-01-29-at-17.50.43-1-2048x1536.jpeg 2048w\" sizes=\"(max-width: 1024px) 100vw, 1024px\" \/>\t\t\t\t\t\t\t\t<\/a>\n\t\t\t\t\t\t\t\t\t\t\t<figcaption class=\"widget-image-caption wp-caption-text\">Emir T\u00dcRK\u0130LER\u0130, Associate<\/figcaption>\n\t\t\t\t\t\t\t\t\t\t<\/figure>\n\t\t\t\t\t\t\t\t\t<\/div>\n\t\t\t\t<\/div>\n\t\t\t\t<div class=\"elementor-element elementor-element-1d049ff0 \tpopmake-3415 elementor-widget elementor-widget-image\" data-id=\"1d049ff0\" data-element_type=\"widget\" data-e-type=\"widget\" data-widget_type=\"image.default\">\n\t\t\t\t<div class=\"elementor-widget-container\">\n\t\t\t\t\t\t\t\t\t\t\t\t<figure class=\"wp-caption\">\n\t\t\t\t\t\t\t\t\t\t\t<a href=\"#\">\n\t\t\t\t\t\t\t<img loading=\"lazy\" decoding=\"async\" width=\"1024\" height=\"768\" src=\"https:\/\/erkanpartners.com\/wp-content\/uploads\/2026\/01\/WhatsApp-Image-2026-01-30-at-09.35.31-1-1024x768.jpeg\" class=\"elementor-animation-grow attachment-large size-large wp-image-2966\" alt=\"\" srcset=\"https:\/\/erkanpartners.com\/wp-content\/uploads\/2026\/01\/WhatsApp-Image-2026-01-30-at-09.35.31-1-1024x768.jpeg 1024w, https:\/\/erkanpartners.com\/wp-content\/uploads\/2026\/01\/WhatsApp-Image-2026-01-30-at-09.35.31-1-300x225.jpeg 300w, https:\/\/erkanpartners.com\/wp-content\/uploads\/2026\/01\/WhatsApp-Image-2026-01-30-at-09.35.31-1-768x576.jpeg 768w, https:\/\/erkanpartners.com\/wp-content\/uploads\/2026\/01\/WhatsApp-Image-2026-01-30-at-09.35.31-1.jpeg 1097w\" sizes=\"(max-width: 1024px) 100vw, 1024px\" \/>\t\t\t\t\t\t\t\t<\/a>\n\t\t\t\t\t\t\t\t\t\t\t<figcaption class=\"widget-image-caption wp-caption-text\">Sevgi AKSOY, Associate<\/figcaption>\n\t\t\t\t\t\t\t\t\t\t<\/figure>\n\t\t\t\t\t\t\t\t\t<\/div>\n\t\t\t\t<\/div>\n\t\t\t\t\t<\/div>\n\t\t\t\t<\/div>\n\t\t<div class=\"elementor-element elementor-element-8d4a884 e-grid e-con-boxed e-con e-parent\" data-id=\"8d4a884\" data-element_type=\"container\" data-e-type=\"container\">\n\t\t\t\t\t<div class=\"e-con-inner\">\n\t\t\t\t<div class=\"elementor-element elementor-element-d3d8ee elementor-widget__width-initial popmake-3435 elementor-widget elementor-widget-image\" data-id=\"d3d8ee\" data-element_type=\"widget\" data-e-type=\"widget\" data-widget_type=\"image.default\">\n\t\t\t\t<div class=\"elementor-widget-container\">\n\t\t\t\t\t\t\t\t\t\t\t\t<figure class=\"wp-caption\">\n\t\t\t\t\t\t\t\t\t\t\t<a href=\"#\">\n\t\t\t\t\t\t\t<img loading=\"lazy\" decoding=\"async\" width=\"768\" height=\"576\" src=\"https:\/\/erkanpartners.com\/wp-content\/uploads\/2026\/02\/senafoto-hd-768x576.jpeg\" class=\"elementor-animation-grow attachment-medium_large size-medium_large wp-image-3583\" alt=\"\" srcset=\"https:\/\/erkanpartners.com\/wp-content\/uploads\/2026\/02\/senafoto-hd-768x576.jpeg 768w, https:\/\/erkanpartners.com\/wp-content\/uploads\/2026\/02\/senafoto-hd-300x225.jpeg 300w, https:\/\/erkanpartners.com\/wp-content\/uploads\/2026\/02\/senafoto-hd-1024x768.jpeg 1024w, https:\/\/erkanpartners.com\/wp-content\/uploads\/2026\/02\/senafoto-hd-1536x1152.jpeg 1536w, https:\/\/erkanpartners.com\/wp-content\/uploads\/2026\/02\/senafoto-hd-2048x1536.jpeg 2048w\" sizes=\"(max-width: 768px) 100vw, 768px\" \/>\t\t\t\t\t\t\t\t<\/a>\n\t\t\t\t\t\t\t\t\t\t\t<figcaption class=\"widget-image-caption wp-caption-text\">Sena Nur BAYIRDAR, Legal Intern<\/figcaption>\n\t\t\t\t\t\t\t\t\t\t<\/figure>\n\t\t\t\t\t\t\t\t\t<\/div>\n\t\t\t\t<\/div>\n\t\t\t\t<div class=\"elementor-element elementor-element-36ea1e87 elementor-widget elementor-widget-image\" data-id=\"36ea1e87\" data-element_type=\"widget\" data-e-type=\"widget\" data-widget_type=\"image.default\">\n\t\t\t\t<div class=\"elementor-widget-container\">\n\t\t\t\t\t\t\t\t\t\t\t\t<figure class=\"wp-caption\">\n\t\t\t\t\t\t\t\t\t\t<img loading=\"lazy\" decoding=\"async\" width=\"300\" height=\"225\" src=\"https:\/\/erkanpartners.com\/wp-content\/uploads\/2026\/01\/sss-300x225.jpg\" class=\"attachment-medium size-medium wp-image-2960\" alt=\"\" srcset=\"https:\/\/erkanpartners.com\/wp-content\/uploads\/2026\/01\/sss-300x225.jpg 300w, https:\/\/erkanpartners.com\/wp-content\/uploads\/2026\/01\/sss.jpg 640w\" sizes=\"(max-width: 300px) 100vw, 300px\" \/>\t\t\t\t\t\t\t\t\t\t\t<figcaption class=\"widget-image-caption wp-caption-text\"><\/figcaption>\n\t\t\t\t\t\t\t\t\t\t<\/figure>\n\t\t\t\t\t\t\t\t\t<\/div>\n\t\t\t\t<\/div>\n\t\t\t\t\t<\/div>\n\t\t\t\t<\/div>\n\t\t<div class=\"elementor-element elementor-element-32a6be86 e-flex e-con-boxed e-con e-parent\" data-id=\"32a6be86\" data-element_type=\"container\" data-e-type=\"container\">\n\t\t\t\t\t<div class=\"e-con-inner\">\n\t\t\t\t\t<\/div>\n\t\t\t\t<\/div>\n\t\t\t\t<\/div>\n\t\t","protected":false},"excerpt":{"rendered":"<p>OUR TEAM Prof. Mustafa ERKAN, Founding Lawyer Fatma Nur \u00c7EL\u0130K, Associate Emir T\u00dcRK\u0130LER\u0130, Associate Sevgi AKSOY, Associate Sena Nur BAYIRDAR, Legal Intern<\/p>\n","protected":false},"author":1,"featured_media":0,"parent":0,"menu_order":0,"comment_status":"closed","ping_status":"closed","template":"","meta":{"site-sidebar-layout":"no-sidebar","site-content-layout":"page-builder","ast-global-header-display":"","ast-main-header-display":"","ast-hfb-above-header-display":"","ast-hfb-below-header-display":"","ast-hfb-mobile-header-display":"","site-post-title":"disabled","ast-breadcrumbs-content":"","ast-featured-img":"disabled","footer-sml-layout":"","theme-transparent-header-meta":"","adv-header-id-meta":"","stick-header-meta":"","header-above-stick-meta":"","header-main-stick-meta":"","header-below-stick-meta":"","footnotes":""},"class_list":["post-3359","page","type-page","status-publish","hentry"],"_links":{"self":[{"href":"https:\/\/erkanpartners.com\/index.php?rest_route=\/wp\/v2\/pages\/3359","targetHints":{"allow":["GET"]}}],"collection":[{"href":"https:\/\/erkanpartners.com\/index.php?rest_route=\/wp\/v2\/pages"}],"about":[{"href":"https:\/\/erkanpartners.com\/index.php?rest_route=\/wp\/v2\/types\/page"}],"author":[{"embeddable":true,"href":"https:\/\/erkanpartners.com\/index.php?rest_route=\/wp\/v2\/users\/1"}],"replies":[{"embeddable":true,"href":"https:\/\/erkanpartners.com\/index.php?rest_route=%2Fwp%2Fv2%2Fcomments&post=3359"}],"version-history":[{"count":44,"href":"https:\/\/erkanpartners.com\/index.php?rest_route=\/wp\/v2\/pages\/3359\/revisions"}],"predecessor-version":[{"id":3678,"href":"https:\/\/erkanpartners.com\/index.php?rest_route=\/wp\/v2\/pages\/3359\/revisions\/3678"}],"wp:attachment":[{"href":"https:\/\/erkanpartners.com\/index.php?rest_route=%2Fwp%2Fv2%2Fmedia&parent=3359"}],"curies":[{"name":"wp","href":"https:\/\/api.w.org\/{rel}","templated":true}]}}