{"id":2131,"date":"2021-11-05T12:48:58","date_gmt":"2021-11-05T12:48:58","guid":{"rendered":"https:\/\/erkanpartners.com\/?page_id=2131"},"modified":"2026-01-16T07:31:15","modified_gmt":"2026-01-16T07:31:15","slug":"yayinlarimiz","status":"publish","type":"page","link":"https:\/\/erkanpartners.com\/?page_id=2131","title":{"rendered":"Yay\u0131nlar\u0131m\u0131z"},"content":{"rendered":"\t\t<div data-elementor-type=\"wp-page\" data-elementor-id=\"2131\" class=\"elementor elementor-2131\">\n\t\t\t\t\t\t<section class=\"elementor-section elementor-top-section elementor-element elementor-element-d7e8486 elementor-section-boxed elementor-section-height-default elementor-section-height-default\" data-id=\"d7e8486\" data-element_type=\"section\" data-e-type=\"section\" data-settings=\"{&quot;background_background&quot;:&quot;gradient&quot;}\">\n\t\t\t\t\t\t\t<div class=\"elementor-background-overlay\"><\/div>\n\t\t\t\t\t\t\t<div class=\"elementor-container elementor-column-gap-default\">\n\t\t\t\t\t<div class=\"elementor-column elementor-col-100 elementor-top-column elementor-element elementor-element-848cfb2\" data-id=\"848cfb2\" data-element_type=\"column\" data-e-type=\"column\">\n\t\t\t<div class=\"elementor-widget-wrap elementor-element-populated\">\n\t\t\t\t\t\t<div class=\"elementor-element elementor-element-ebd4597 elementor-widget elementor-widget-heading\" data-id=\"ebd4597\" data-element_type=\"widget\" data-e-type=\"widget\" data-widget_type=\"heading.default\">\n\t\t\t\t<div class=\"elementor-widget-container\">\n\t\t\t\t\t<h2 class=\"elementor-heading-title elementor-size-default\">Yay\u0131nlar\u0131m\u0131z<\/h2>\t\t\t\t<\/div>\n\t\t\t\t<\/div>\n\t\t\t\t\t<\/div>\n\t\t<\/div>\n\t\t\t\t\t<\/div>\n\t\t<\/section>\n\t\t\t\t<section class=\"elementor-section elementor-top-section elementor-element elementor-element-bb102ba elementor-section-boxed elementor-section-height-default elementor-section-height-default\" data-id=\"bb102ba\" data-element_type=\"section\" data-e-type=\"section\">\n\t\t\t\t\t\t<div class=\"elementor-container elementor-column-gap-default\">\n\t\t\t\t\t<div class=\"elementor-column elementor-col-50 elementor-top-column elementor-element elementor-element-e2c9876\" data-id=\"e2c9876\" data-element_type=\"column\" data-e-type=\"column\">\n\t\t\t<div class=\"elementor-widget-wrap elementor-element-populated\">\n\t\t\t\t\t\t<div class=\"elementor-element elementor-element-cd1a21d elementor-invisible elementor-widget elementor-widget-image\" data-id=\"cd1a21d\" data-element_type=\"widget\" data-e-type=\"widget\" data-settings=\"{&quot;_animation&quot;:&quot;fadeIn&quot;}\" data-widget_type=\"image.default\">\n\t\t\t\t<div class=\"elementor-widget-container\">\n\t\t\t\t\t\t\t\t\t\t\t\t<figure class=\"wp-caption\">\n\t\t\t\t\t\t\t\t\t\t\t<a href=\"https:\/\/erkanpartners.com\/?page_id=1570\">\n\t\t\t\t\t\t\t<img fetchpriority=\"high\" decoding=\"async\" width=\"1024\" height=\"726\" src=\"https:\/\/erkanpartners.com\/wp-content\/uploads\/2024\/11\/WhatsApp-Gorsel-2024-11-14-saat-14.38.34_9d71ec74-1-1024x726.jpg\" class=\"attachment-large size-large wp-image-2705\" alt=\"\" srcset=\"https:\/\/erkanpartners.com\/wp-content\/uploads\/2024\/11\/WhatsApp-Gorsel-2024-11-14-saat-14.38.34_9d71ec74-1-1024x726.jpg 1024w, https:\/\/erkanpartners.com\/wp-content\/uploads\/2024\/11\/WhatsApp-Gorsel-2024-11-14-saat-14.38.34_9d71ec74-1-300x213.jpg 300w, https:\/\/erkanpartners.com\/wp-content\/uploads\/2024\/11\/WhatsApp-Gorsel-2024-11-14-saat-14.38.34_9d71ec74-1-768x545.jpg 768w, https:\/\/erkanpartners.com\/wp-content\/uploads\/2024\/11\/WhatsApp-Gorsel-2024-11-14-saat-14.38.34_9d71ec74-1.jpg 1200w\" sizes=\"(max-width: 1024px) 100vw, 1024px\" \/>\t\t\t\t\t\t\t\t<\/a>\n\t\t\t\t\t\t\t\t\t\t\t<figcaption class=\"widget-image-caption wp-caption-text\">Kitaplar\u0131m\u0131z<\/figcaption>\n\t\t\t\t\t\t\t\t\t\t<\/figure>\n\t\t\t\t\t\t\t\t\t<\/div>\n\t\t\t\t<\/div>\n\t\t\t\t\t<\/div>\n\t\t<\/div>\n\t\t\t\t<div class=\"elementor-column elementor-col-50 elementor-top-column elementor-element elementor-element-f69fd55\" data-id=\"f69fd55\" data-element_type=\"column\" data-e-type=\"column\">\n\t\t\t<div class=\"elementor-widget-wrap elementor-element-populated\">\n\t\t\t\t\t\t<div class=\"elementor-element elementor-element-704d170 elementor-invisible elementor-widget elementor-widget-image\" data-id=\"704d170\" data-element_type=\"widget\" data-e-type=\"widget\" data-settings=\"{&quot;_animation&quot;:&quot;fadeIn&quot;}\" data-widget_type=\"image.default\">\n\t\t\t\t<div class=\"elementor-widget-container\">\n\t\t\t\t\t\t\t\t\t\t\t\t<figure class=\"wp-caption\">\n\t\t\t\t\t\t\t\t\t\t\t<a href=\"https:\/\/erkanpartners.com\/?page_id=2133\">\n\t\t\t\t\t\t\t<img decoding=\"async\" width=\"750\" height=\"500\" src=\"https:\/\/erkanpartners.com\/wp-content\/uploads\/2021\/11\/Adsiz-tasarim-15.png\" class=\"attachment-large size-large wp-image-2156\" alt=\"\" srcset=\"https:\/\/erkanpartners.com\/wp-content\/uploads\/2021\/11\/Adsiz-tasarim-15.png 750w, https:\/\/erkanpartners.com\/wp-content\/uploads\/2021\/11\/Adsiz-tasarim-15-300x200.png 300w\" sizes=\"(max-width: 750px) 100vw, 750px\" \/>\t\t\t\t\t\t\t\t<\/a>\n\t\t\t\t\t\t\t\t\t\t\t<figcaption class=\"widget-image-caption wp-caption-text\">Makalelerimiz<\/figcaption>\n\t\t\t\t\t\t\t\t\t\t<\/figure>\n\t\t\t\t\t\t\t\t\t<\/div>\n\t\t\t\t<\/div>\n\t\t\t\t\t<\/div>\n\t\t<\/div>\n\t\t\t\t\t<\/div>\n\t\t<\/section>\n\t\t\t\t<\/div>\n\t\t","protected":false},"excerpt":{"rendered":"<p>Yay\u0131nlar\u0131m\u0131z Kitaplar\u0131m\u0131z Makalelerimiz<\/p>\n","protected":false},"author":1,"featured_media":0,"parent":0,"menu_order":0,"comment_status":"closed","ping_status":"closed","template":"","meta":{"site-sidebar-layout":"no-sidebar","site-content-layout":"page-builder","ast-global-header-display":"","ast-main-header-display":"","ast-hfb-above-header-display":"","ast-hfb-below-header-display":"","ast-hfb-mobile-header-display":"","site-post-title":"disabled","ast-breadcrumbs-content":"","ast-featured-img":"disabled","footer-sml-layout":"","theme-transparent-header-meta":"","adv-header-id-meta":"","stick-header-meta":"","header-above-stick-meta":"","header-main-stick-meta":"","header-below-stick-meta":"","footnotes":""},"class_list":["post-2131","page","type-page","status-publish","hentry"],"_links":{"self":[{"href":"https:\/\/erkanpartners.com\/index.php?rest_route=\/wp\/v2\/pages\/2131","targetHints":{"allow":["GET"]}}],"collection":[{"href":"https:\/\/erkanpartners.com\/index.php?rest_route=\/wp\/v2\/pages"}],"about":[{"href":"https:\/\/erkanpartners.com\/index.php?rest_route=\/wp\/v2\/types\/page"}],"author":[{"embeddable":true,"href":"https:\/\/erkanpartners.com\/index.php?rest_route=\/wp\/v2\/users\/1"}],"replies":[{"embeddable":true,"href":"https:\/\/erkanpartners.com\/index.php?rest_route=%2Fwp%2Fv2%2Fcomments&post=2131"}],"version-history":[{"count":26,"href":"https:\/\/erkanpartners.com\/index.php?rest_route=\/wp\/v2\/pages\/2131\/revisions"}],"predecessor-version":[{"id":2880,"href":"https:\/\/erkanpartners.com\/index.php?rest_route=\/wp\/v2\/pages\/2131\/revisions\/2880"}],"wp:attachment":[{"href":"https:\/\/erkanpartners.com\/index.php?rest_route=%2Fwp%2Fv2%2Fmedia&parent=2131"}],"curies":[{"name":"wp","href":"https:\/\/api.w.org\/{rel}","templated":true}]}}