{"id":1302,"date":"2017-08-01T12:13:16","date_gmt":"2017-08-01T12:13:16","guid":{"rendered":"http:\/\/erkanpartners.com\/about\/"},"modified":"2026-02-02T10:03:52","modified_gmt":"2026-02-02T07:03:52","slug":"hakkimizda","status":"publish","type":"page","link":"https:\/\/erkanpartners.com\/?page_id=1302","title":{"rendered":"Hakk\u0131m\u0131zda"},"content":{"rendered":"\t\t<div data-elementor-type=\"wp-post\" data-elementor-id=\"1302\" class=\"elementor elementor-1302\">\n\t\t\t\t\t\t<section class=\"elementor-section elementor-top-section elementor-element elementor-element-6b52c18a elementor-section-full_width elementor-section-height-min-height elementor-section-items-top elementor-section-content-top elementor-section-height-default\" data-id=\"6b52c18a\" data-element_type=\"section\" data-e-type=\"section\">\n\t\t\t\t\t\t\t<div class=\"elementor-background-overlay\"><\/div>\n\t\t\t\t\t\t\t<div class=\"elementor-container elementor-column-gap-default\">\n\t\t\t\t\t<div class=\"elementor-column elementor-col-100 elementor-top-column elementor-element elementor-element-52d3c810\" data-id=\"52d3c810\" data-element_type=\"column\" data-e-type=\"column\">\n\t\t\t<div class=\"elementor-widget-wrap elementor-element-populated\">\n\t\t\t\t\t\t<div class=\"elementor-element elementor-element-419b09f elementor-widget elementor-widget-heading\" data-id=\"419b09f\" data-element_type=\"widget\" data-e-type=\"widget\" data-widget_type=\"heading.default\">\n\t\t\t\t<div class=\"elementor-widget-container\">\n\t\t\t\t\t<h2 class=\"elementor-heading-title elementor-size-default\">Hakk\u0131m\u0131zda<\/h2>\t\t\t\t<\/div>\n\t\t\t\t<\/div>\n\t\t\t\t\t<\/div>\n\t\t<\/div>\n\t\t\t\t\t<\/div>\n\t\t<\/section>\n\t\t\t\t<section class=\"elementor-section elementor-top-section elementor-element elementor-element-654d0d4d elementor-section-boxed elementor-section-height-default elementor-section-height-default\" data-id=\"654d0d4d\" data-element_type=\"section\" data-e-type=\"section\">\n\t\t\t\t\t\t<div class=\"elementor-container elementor-column-gap-default\">\n\t\t\t\t\t<div class=\"elementor-column elementor-col-100 elementor-top-column elementor-element elementor-element-7e1dbe6c\" data-id=\"7e1dbe6c\" data-element_type=\"column\" data-e-type=\"column\">\n\t\t\t<div class=\"elementor-widget-wrap elementor-element-populated\">\n\t\t\t\t\t\t<div class=\"elementor-element elementor-element-3905ffbe elementor-widget elementor-widget-heading\" data-id=\"3905ffbe\" data-element_type=\"widget\" data-e-type=\"widget\" data-widget_type=\"heading.default\">\n\t\t\t\t<div class=\"elementor-widget-container\">\n\t\t\t\t\t<h2 class=\"elementor-heading-title elementor-size-default\">B\u00fcromuz<\/h2>\t\t\t\t<\/div>\n\t\t\t\t<\/div>\n\t\t\t\t<section class=\"elementor-section elementor-inner-section elementor-element elementor-element-7867c17f elementor-section-boxed elementor-section-height-default elementor-section-height-default\" data-id=\"7867c17f\" data-element_type=\"section\" data-e-type=\"section\">\n\t\t\t\t\t\t<div class=\"elementor-container elementor-column-gap-default\">\n\t\t\t\t\t<div class=\"elementor-column elementor-col-100 elementor-inner-column elementor-element elementor-element-2656ce61\" data-id=\"2656ce61\" data-element_type=\"column\" data-e-type=\"column\">\n\t\t\t<div class=\"elementor-widget-wrap elementor-element-populated\">\n\t\t\t\t\t\t<div class=\"elementor-element elementor-element-5158ee8c elementor-widget elementor-widget-text-editor\" data-id=\"5158ee8c\" data-element_type=\"widget\" data-e-type=\"widget\" data-widget_type=\"text-editor.default\">\n\t\t\t\t<div class=\"elementor-widget-container\">\n\t\t\t\t\t\t\t\t\t<p style=\"font-size: 15px; font-style: normal; font-weight: 600; margin-bottom: 1.6em; text-align: justify;\">Erkan Partners, yerli ve yabanc\u0131 m\u00fcvekkillerine ulusal ve uluslararas\u0131 hukuk alanlar\u0131nda avukatl\u0131k ve dan\u0131\u015fmanl\u0131k hizmeti veren \u0130stanbul merkezli ba\u011f\u0131ms\u0131z bir hukuk b\u00fcrosudur. B\u00fcromuz b\u00fcnyesinde, T\u00fcrk hukukuna ve uluslararas\u0131 hukuka ili\u015fkin olarak gerek T\u00fcrk yarg\u0131 mercileri nezdinde gerekse arabuluculuk ve tahkimde y\u00fcr\u00fcyen hukuki s\u00fcre\u00e7lerde m\u00fcvekkillerimizin ihtiya\u00e7 duydu\u011fu avukatl\u0131k ve dan\u0131\u015fmanl\u0131k hizmeti verilmektedir.<\/p>\n<p style=\"font-size: 15px; font-style: normal; font-weight: 600; margin-bottom: 1.6em; text-align: justify;\">Deneyimli avukatlardan olu\u015fan ekibimizi, her biri kendi alan\u0131nda teorik bilgiye ve uygulama tecr\u00fcbesine sahip akademisyenlerle destekliyoruz. T\u00fcrkiye\u2019nin ve d\u00fcnyan\u0131n \u00f6nemli \u00fcniversitelerinde lisans ve lisans\u00fcst\u00fc d\u00fczeylerde e\u011fitim alm\u0131\u015f olan ekip \u00fcyelerimizin sahip oldu\u011fu akademik bilgi ve uygulama tecr\u00fcbesi, hizmet kalitemizi en \u00fcst seviyeye \u00e7\u0131karmaktad\u0131r. M\u00fcvekkil memnuniyetini \u00e7al\u0131\u015fma prensibinin merkezine alan ekibimiz, bu ama\u00e7la m\u00fcvekkillerimizin faaliyet g\u00f6sterdi\u011fi sekt\u00f6rlere ili\u015fkin olarak da uzmanl\u0131klar\u0131n\u0131 geli\u015ftirmektedir.<\/p>\t\t\t\t\t\t\t\t<\/div>\n\t\t\t\t<\/div>\n\t\t\t\t\t<\/div>\n\t\t<\/div>\n\t\t\t\t\t<\/div>\n\t\t<\/section>\n\t\t\t\t\t<\/div>\n\t\t<\/div>\n\t\t\t\t\t<\/div>\n\t\t<\/section>\n\t\t\t\t<section class=\"elementor-section elementor-top-section elementor-element elementor-element-38b49f07 elementor-section-boxed elementor-section-height-default elementor-section-height-default\" data-id=\"38b49f07\" data-element_type=\"section\" data-e-type=\"section\">\n\t\t\t\t\t\t\t<div class=\"elementor-background-overlay\"><\/div>\n\t\t\t\t\t\t\t<div class=\"elementor-container elementor-column-gap-default\">\n\t\t\t\t\t<div class=\"elementor-column elementor-col-100 elementor-top-column elementor-element elementor-element-61e99892\" data-id=\"61e99892\" data-element_type=\"column\" data-e-type=\"column\">\n\t\t\t<div class=\"elementor-widget-wrap elementor-element-populated\">\n\t\t\t\t\t\t<div class=\"elementor-element elementor-element-3543750f elementor-widget elementor-widget-heading\" data-id=\"3543750f\" data-element_type=\"widget\" data-e-type=\"widget\" data-widget_type=\"heading.default\">\n\t\t\t\t<div class=\"elementor-widget-container\">\n\t\t\t\t\t<h2 class=\"elementor-heading-title elementor-size-default\">Hizmetlerimiz<\/h2>\t\t\t\t<\/div>\n\t\t\t\t<\/div>\n\t\t\t\t<section class=\"elementor-section elementor-inner-section elementor-element elementor-element-4821a63d elementor-section-boxed elementor-section-height-default elementor-section-height-default\" data-id=\"4821a63d\" data-element_type=\"section\" data-e-type=\"section\">\n\t\t\t\t\t\t<div class=\"elementor-container elementor-column-gap-default\">\n\t\t\t\t\t<div class=\"elementor-column elementor-col-100 elementor-inner-column elementor-element elementor-element-ff54418\" data-id=\"ff54418\" data-element_type=\"column\" data-e-type=\"column\">\n\t\t\t<div class=\"elementor-widget-wrap elementor-element-populated\">\n\t\t\t\t\t\t<div class=\"elementor-element elementor-element-7b74d43f elementor-widget elementor-widget-heading\" data-id=\"7b74d43f\" data-element_type=\"widget\" data-e-type=\"widget\" data-widget_type=\"heading.default\">\n\t\t\t\t<div class=\"elementor-widget-container\">\n\t\t\t\t\t<h2 class=\"elementor-heading-title elementor-size-default\">Dava &amp; \u0130cra Takibi<\/h2>\t\t\t\t<\/div>\n\t\t\t\t<\/div>\n\t\t\t\t<div class=\"elementor-element elementor-element-71ae13f8 elementor-widget elementor-widget-text-editor\" data-id=\"71ae13f8\" data-element_type=\"widget\" data-e-type=\"widget\" data-widget_type=\"text-editor.default\">\n\t\t\t\t<div class=\"elementor-widget-container\">\n\t\t\t\t\t\t\t\t\t<p>Erkan Partners olarak \u00f6nceli\u011fimiz, m\u00fcvekkillerimizin ya\u015fad\u0131\u011f\u0131 hukuki sorunlar\u0131n davaya d\u00f6n\u00fc\u015fmeden \u00e7\u00f6z\u00fcme kavu\u015fturulmas\u0131 olmakla birlikte, dava a\u015famas\u0131na gelmi\u015f uyu\u015fmazl\u0131klar ekibimizce \u00f6zenle y\u00fcr\u00fct\u00fclmektedir.<\/p><p>\u0130lgili alan\u0131n uzman\u0131 olan akademisyenlerin g\u00f6r\u00fc\u015fleri do\u011frultusunda her bir dava i\u00e7in yol haritas\u0131 haz\u0131rlayan b\u00fcromuz, davalar\u0131 m\u00fcvekkilleri a\u00e7\u0131s\u0131ndan en avantajl\u0131 \u015fekilde sonu\u00e7land\u0131rmay\u0131 ama\u00e7lamaktad\u0131r.<\/p><p>Dava takibinin yan\u0131nda, m\u00fcvekkillerimizin alacaklar\u0131n\u0131n icra takibi yoluyla tahsili i\u00e7in gerekli hukuki s\u00fcre\u00e7ler y\u00fcr\u00fct\u00fclmekte; ayr\u0131ca haciz, iflas, iflas\u0131n ertelenmesi, konkordato gibi icra hukukuna ili\u015fkin di\u011fer i\u015flemler ger\u00e7ekle\u015ftirilmektedir.<\/p>\t\t\t\t\t\t\t\t<\/div>\n\t\t\t\t<\/div>\n\t\t\t\t\t<\/div>\n\t\t<\/div>\n\t\t\t\t\t<\/div>\n\t\t<\/section>\n\t\t\t\t<section class=\"elementor-section elementor-inner-section elementor-element elementor-element-40b27000 elementor-section-boxed elementor-section-height-default elementor-section-height-default\" data-id=\"40b27000\" data-element_type=\"section\" data-e-type=\"section\">\n\t\t\t\t\t\t<div class=\"elementor-container elementor-column-gap-default\">\n\t\t\t\t\t<div class=\"elementor-column elementor-col-100 elementor-inner-column elementor-element elementor-element-10d8de9d\" data-id=\"10d8de9d\" data-element_type=\"column\" data-e-type=\"column\">\n\t\t\t<div class=\"elementor-widget-wrap elementor-element-populated\">\n\t\t\t\t\t\t<div class=\"elementor-element elementor-element-62cd4d62 elementor-widget elementor-widget-heading\" data-id=\"62cd4d62\" data-element_type=\"widget\" data-e-type=\"widget\" data-widget_type=\"heading.default\">\n\t\t\t\t<div class=\"elementor-widget-container\">\n\t\t\t\t\t<h2 class=\"elementor-heading-title elementor-size-default\">Tahkim &amp; Arabuluculuk<\/h2>\t\t\t\t<\/div>\n\t\t\t\t<\/div>\n\t\t\t\t<div class=\"elementor-element elementor-element-31a8c5 elementor-widget elementor-widget-text-editor\" data-id=\"31a8c5\" data-element_type=\"widget\" data-e-type=\"widget\" data-widget_type=\"text-editor.default\">\n\t\t\t\t<div class=\"elementor-widget-container\">\n\t\t\t\t\t\t\t\t\t<p>Uyu\u015fmazl\u0131klar\u0131n ba\u011f\u0131ms\u0131z ve tarafs\u0131z bir arabulucu nezdinde, kazan-kazan prensibi \u00e7er\u00e7evesinde, taraflar\u0131n ortak karar\u0131yla \u00e7\u00f6z\u00fcme kavu\u015fturulmas\u0131n\u0131 sa\u011flayan arabuluculuk hem \u00fclkemizde hem de d\u00fcnyada uygulama alan\u0131 geni\u015fleyen bir alternatif uyu\u015fmazl\u0131k \u00e7\u00f6z\u00fcm yoludur.<\/p><p>Tahkim ise bir uyu\u015fmazl\u0131\u011f\u0131n taraflar\u0131n\u0131n devlet mahkemelerinde dava a\u00e7mak yerine, uyu\u015fmazl\u0131\u011f\u0131n \u00e7\u00f6z\u00fcm\u00fcn\u00fc hakem vas\u0131tas\u0131yla sa\u011flamalar\u0131na yarayan alternatif uyu\u015fmazl\u0131k \u00e7\u00f6z\u00fcm y\u00f6ntemidir.<\/p><p>Ekibimiz, arabuluculuk ve tahkim alanlar\u0131n\u0131n hem teorik hem de uygulama k\u0131sm\u0131nda \u00e7al\u0131\u015fan \u00fcyeleri sayesinde, s\u00f6z konusu s\u00fcre\u00e7lerde taraf vekilli\u011fi hizmetini en \u00fcst kalitede verebilmektedir.<\/p>\t\t\t\t\t\t\t\t<\/div>\n\t\t\t\t<\/div>\n\t\t\t\t\t<\/div>\n\t\t<\/div>\n\t\t\t\t\t<\/div>\n\t\t<\/section>\n\t\t\t\t<section class=\"elementor-section elementor-inner-section elementor-element elementor-element-51027197 elementor-section-boxed elementor-section-height-default elementor-section-height-default\" data-id=\"51027197\" data-element_type=\"section\" data-e-type=\"section\">\n\t\t\t\t\t\t<div class=\"elementor-container elementor-column-gap-default\">\n\t\t\t\t\t<div class=\"elementor-column elementor-col-100 elementor-inner-column elementor-element elementor-element-32486382\" data-id=\"32486382\" data-element_type=\"column\" data-e-type=\"column\">\n\t\t\t<div class=\"elementor-widget-wrap elementor-element-populated\">\n\t\t\t\t\t\t<div class=\"elementor-element elementor-element-3e9fd57a elementor-widget elementor-widget-heading\" data-id=\"3e9fd57a\" data-element_type=\"widget\" data-e-type=\"widget\" data-widget_type=\"heading.default\">\n\t\t\t\t<div class=\"elementor-widget-container\">\n\t\t\t\t\t<h2 class=\"elementor-heading-title elementor-size-default\">Hukuk Dan\u0131\u015fmanl\u0131\u011f\u0131<\/h2>\t\t\t\t<\/div>\n\t\t\t\t<\/div>\n\t\t\t\t<div class=\"elementor-element elementor-element-489ea041 elementor-widget elementor-widget-text-editor\" data-id=\"489ea041\" data-element_type=\"widget\" data-e-type=\"widget\" data-widget_type=\"text-editor.default\">\n\t\t\t\t<div class=\"elementor-widget-container\">\n\t\t\t\t\t\t\t\t\t<p>B\u00fcromuzca verilen hukuk dan\u0131\u015fmanl\u0131\u011f\u0131 hizmeti \u00e7er\u00e7evesinde \u015firketlerin faaliyetlerinin hukuka uygun y\u00fcr\u00fct\u00fclmesi i\u00e7in her t\u00fcrl\u00fc hukuki inceleme yap\u0131larak riskli hususlar belirlenmekte, \u015firketin ve sekt\u00f6r\u00fcn niteli\u011fine uygun hukuki \u00e7\u00f6z\u00fcmler geli\u015ftirilmektedir.<\/p>\n<p>Bu ba\u011flamda \u015firketin i\u00e7 ve d\u0131\u015f ili\u015fkilerinde y\u00fcr\u00fcyen s\u00fcre\u00e7lerin hukuka uygun hale getirilmesi, \u015firketin taraf oldu\u011fu s\u00f6zle\u015fmelerin haz\u0131rlanmas\u0131 ve mevcut s\u00f6zle\u015fmelerin kontrol\u00fc gibi hizmetler sunulmaktad\u0131r.<\/p>\n<p>Hukuk dan\u0131\u015fmanl\u0131\u011f\u0131 hizmetimizin temel amac\u0131, m\u00fcvekkillerimizin menfaatlerinin en \u00fcst d\u00fczeyde korunmas\u0131n\u0131 ve kar\u015f\u0131la\u015faca\u011f\u0131 hukuki ihtilaflar\u0131n en aza indirilmesini sa\u011flayacak tedbirlerin al\u0131nmas\u0131d\u0131r.<\/p>\t\t\t\t\t\t\t\t<\/div>\n\t\t\t\t<\/div>\n\t\t\t\t\t<\/div>\n\t\t<\/div>\n\t\t\t\t\t<\/div>\n\t\t<\/section>\n\t\t\t\t\t<\/div>\n\t\t<\/div>\n\t\t\t\t\t<\/div>\n\t\t<\/section>\n\t\t\t\t<section class=\"elementor-section elementor-top-section elementor-element elementor-element-42ae25c7 elementor-section-boxed elementor-section-height-default elementor-section-height-default\" data-id=\"42ae25c7\" data-element_type=\"section\" data-e-type=\"section\">\n\t\t\t\t\t\t\t<div class=\"elementor-background-overlay\"><\/div>\n\t\t\t\t\t\t\t<div class=\"elementor-container elementor-column-gap-default\">\n\t\t\t\t\t<div class=\"elementor-column elementor-col-100 elementor-top-column elementor-element elementor-element-16b5aeb8\" data-id=\"16b5aeb8\" data-element_type=\"column\" data-e-type=\"column\">\n\t\t\t<div class=\"elementor-widget-wrap elementor-element-populated\">\n\t\t\t\t\t\t<div class=\"elementor-element elementor-element-3eb458f7 elementor-widget elementor-widget-heading\" data-id=\"3eb458f7\" data-element_type=\"widget\" data-e-type=\"widget\" data-widget_type=\"heading.default\">\n\t\t\t\t<div class=\"elementor-widget-container\">\n\t\t\t\t\t<h2 class=\"elementor-heading-title elementor-size-default\">\u0130leti\u015fim<\/h2>\t\t\t\t<\/div>\n\t\t\t\t<\/div>\n\t\t\t\t<section class=\"elementor-section elementor-inner-section elementor-element elementor-element-5869490f elementor-section-boxed elementor-section-height-default elementor-section-height-default\" data-id=\"5869490f\" data-element_type=\"section\" data-e-type=\"section\">\n\t\t\t\t\t\t<div class=\"elementor-container elementor-column-gap-default\">\n\t\t\t\t\t<div class=\"elementor-column elementor-col-33 elementor-inner-column elementor-element elementor-element-65d0a246\" data-id=\"65d0a246\" data-element_type=\"column\" data-e-type=\"column\">\n\t\t\t<div class=\"elementor-widget-wrap elementor-element-populated\">\n\t\t\t\t\t\t<div class=\"elementor-element elementor-element-3102d42c elementor-view-default elementor-position-block-start elementor-mobile-position-block-start elementor-widget elementor-widget-icon-box\" data-id=\"3102d42c\" data-element_type=\"widget\" data-e-type=\"widget\" data-widget_type=\"icon-box.default\">\n\t\t\t\t<div class=\"elementor-widget-container\">\n\t\t\t\t\t\t\t<div class=\"elementor-icon-box-wrapper\">\n\n\t\t\t\t\t\t<div class=\"elementor-icon-box-icon\">\n\t\t\t\t<span  class=\"elementor-icon elementor-animation-grow\">\n\t\t\t\t<svg aria-hidden=\"true\" class=\"e-font-icon-svg e-fas-map-pin\" viewBox=\"0 0 288 512\" xmlns=\"http:\/\/www.w3.org\/2000\/svg\"><path d=\"M112 316.94v156.69l22.02 33.02c4.75 7.12 15.22 7.12 19.97 0L176 473.63V316.94c-10.39 1.92-21.06 3.06-32 3.06s-21.61-1.14-32-3.06zM144 0C64.47 0 0 64.47 0 144s64.47 144 144 144 144-64.47 144-144S223.53 0 144 0zm0 76c-37.5 0-68 30.5-68 68 0 6.62-5.38 12-12 12s-12-5.38-12-12c0-50.73 41.28-92 92-92 6.62 0 12 5.38 12 12s-5.38 12-12 12z\"><\/path><\/svg>\t\t\t\t<\/span>\n\t\t\t<\/div>\n\t\t\t\n\t\t\t\t\t\t<div class=\"elementor-icon-box-content\">\n\n\t\t\t\t\t\t\t\t\t<h3 class=\"elementor-icon-box-title\">\n\t\t\t\t\t\t<span  >\n\t\t\t\t\t\t\tAdres\t\t\t\t\t\t<\/span>\n\t\t\t\t\t<\/h3>\n\t\t\t\t\n\t\t\t\t\t\t\t\t\t<p class=\"elementor-icon-box-description\">\n\t\t\t\t\t\tDumlup\u0131nar Mah. Yumurtac\u0131 Abdibey Cad. No: 4 Yenitepe Kad\u0131k\u00f6y Sitesi B Blok D: 4 34720 Kad\u0131k\u00f6y - \u0130STANBUL\t\t\t\t\t<\/p>\n\t\t\t\t\n\t\t\t<\/div>\n\t\t\t\n\t\t<\/div>\n\t\t\t\t\t\t<\/div>\n\t\t\t\t<\/div>\n\t\t\t\t\t<\/div>\n\t\t<\/div>\n\t\t\t\t<div class=\"elementor-column elementor-col-33 elementor-inner-column elementor-element elementor-element-7af8d3e3\" data-id=\"7af8d3e3\" data-element_type=\"column\" data-e-type=\"column\">\n\t\t\t<div class=\"elementor-widget-wrap elementor-element-populated\">\n\t\t\t\t\t\t<div class=\"elementor-element elementor-element-72209cab elementor-view-default elementor-position-block-start elementor-mobile-position-block-start elementor-widget elementor-widget-icon-box\" data-id=\"72209cab\" data-element_type=\"widget\" data-e-type=\"widget\" data-widget_type=\"icon-box.default\">\n\t\t\t\t<div class=\"elementor-widget-container\">\n\t\t\t\t\t\t\t<div class=\"elementor-icon-box-wrapper\">\n\n\t\t\t\t\t\t<div class=\"elementor-icon-box-icon\">\n\t\t\t\t<span  class=\"elementor-icon elementor-animation-grow\">\n\t\t\t\t<svg aria-hidden=\"true\" class=\"e-font-icon-svg e-fas-phone\" viewBox=\"0 0 512 512\" xmlns=\"http:\/\/www.w3.org\/2000\/svg\"><path d=\"M493.4 24.6l-104-24c-11.3-2.6-22.9 3.3-27.5 13.9l-48 112c-4.2 9.8-1.4 21.3 6.9 28l60.6 49.6c-36 76.7-98.9 140.5-177.2 177.2l-49.6-60.6c-6.8-8.3-18.2-11.1-28-6.9l-112 48C3.9 366.5-2 378.1.6 389.4l24 104C27.1 504.2 36.7 512 48 512c256.1 0 464-207.5 464-464 0-11.2-7.7-20.9-18.6-23.4z\"><\/path><\/svg>\t\t\t\t<\/span>\n\t\t\t<\/div>\n\t\t\t\n\t\t\t\t\t\t<div class=\"elementor-icon-box-content\">\n\n\t\t\t\t\t\t\t\t\t<h3 class=\"elementor-icon-box-title\">\n\t\t\t\t\t\t<span  >\n\t\t\t\t\t\t\tTelefon\t\t\t\t\t\t<\/span>\n\t\t\t\t\t<\/h3>\n\t\t\t\t\n\t\t\t\t\t\t\t\t\t<p class=\"elementor-icon-box-description\">\n\t\t\t\t\t\t0216 755 35 90, \n0554 178 20 68\t\t\t\t\t<\/p>\n\t\t\t\t\n\t\t\t<\/div>\n\t\t\t\n\t\t<\/div>\n\t\t\t\t\t\t<\/div>\n\t\t\t\t<\/div>\n\t\t\t\t\t<\/div>\n\t\t<\/div>\n\t\t\t\t<div class=\"elementor-column elementor-col-33 elementor-inner-column elementor-element elementor-element-5c1b898b\" data-id=\"5c1b898b\" data-element_type=\"column\" data-e-type=\"column\">\n\t\t\t<div class=\"elementor-widget-wrap elementor-element-populated\">\n\t\t\t\t\t\t<div class=\"elementor-element elementor-element-2967de4d elementor-view-default elementor-position-block-start elementor-mobile-position-block-start elementor-widget elementor-widget-icon-box\" data-id=\"2967de4d\" data-element_type=\"widget\" data-e-type=\"widget\" data-widget_type=\"icon-box.default\">\n\t\t\t\t<div class=\"elementor-widget-container\">\n\t\t\t\t\t\t\t<div class=\"elementor-icon-box-wrapper\">\n\n\t\t\t\t\t\t<div class=\"elementor-icon-box-icon\">\n\t\t\t\t<span  class=\"elementor-icon elementor-animation-grow\">\n\t\t\t\t<svg aria-hidden=\"true\" class=\"e-font-icon-svg e-fas-envelope\" viewBox=\"0 0 512 512\" xmlns=\"http:\/\/www.w3.org\/2000\/svg\"><path d=\"M502.3 190.8c3.9-3.1 9.7-.2 9.7 4.7V400c0 26.5-21.5 48-48 48H48c-26.5 0-48-21.5-48-48V195.6c0-5 5.7-7.8 9.7-4.7 22.4 17.4 52.1 39.5 154.1 113.6 21.1 15.4 56.7 47.8 92.2 47.6 35.7.3 72-32.8 92.3-47.6 102-74.1 131.6-96.3 154-113.7zM256 320c23.2.4 56.6-29.2 73.4-41.4 132.7-96.3 142.8-104.7 173.4-128.7 5.8-4.5 9.2-11.5 9.2-18.9v-19c0-26.5-21.5-48-48-48H48C21.5 64 0 85.5 0 112v19c0 7.4 3.4 14.3 9.2 18.9 30.6 23.9 40.7 32.4 173.4 128.7 16.8 12.2 50.2 41.8 73.4 41.4z\"><\/path><\/svg>\t\t\t\t<\/span>\n\t\t\t<\/div>\n\t\t\t\n\t\t\t\t\t\t<div class=\"elementor-icon-box-content\">\n\n\t\t\t\t\t\t\t\t\t<h3 class=\"elementor-icon-box-title\">\n\t\t\t\t\t\t<span  >\n\t\t\t\t\t\t\tE-Posta\t\t\t\t\t\t<\/span>\n\t\t\t\t\t<\/h3>\n\t\t\t\t\n\t\t\t\t\t\t\t\t\t<p class=\"elementor-icon-box-description\">\n\t\t\t\t\t\tinfo@erkanpartners.com\t\t\t\t\t<\/p>\n\t\t\t\t\n\t\t\t<\/div>\n\t\t\t\n\t\t<\/div>\n\t\t\t\t\t\t<\/div>\n\t\t\t\t<\/div>\n\t\t\t\t\t<\/div>\n\t\t<\/div>\n\t\t\t\t\t<\/div>\n\t\t<\/section>\n\t\t\t\t\t<\/div>\n\t\t<\/div>\n\t\t\t\t\t<\/div>\n\t\t<\/section>\n\t\t\t\t<\/div>\n\t\t","protected":false},"excerpt":{"rendered":"<p>Hakk\u0131m\u0131zda B\u00fcromuz Erkan Partners, yerli ve yabanc\u0131 m\u00fcvekkillerine ulusal ve uluslararas\u0131 hukuk alanlar\u0131nda avukatl\u0131k ve dan\u0131\u015fmanl\u0131k hizmeti veren \u0130stanbul merkezli ba\u011f\u0131ms\u0131z bir hukuk b\u00fcrosudur. B\u00fcromuz b\u00fcnyesinde, T\u00fcrk hukukuna ve uluslararas\u0131 hukuka ili\u015fkin olarak gerek T\u00fcrk yarg\u0131 mercileri nezdinde gerekse arabuluculuk ve tahkimde y\u00fcr\u00fcyen hukuki s\u00fcre\u00e7lerde m\u00fcvekkillerimizin ihtiya\u00e7 duydu\u011fu avukatl\u0131k ve dan\u0131\u015fmanl\u0131k hizmeti verilmektedir. Deneyimli avukatlardan &hellip;<\/p>\n<p class=\"read-more\"> <a class=\"\" href=\"https:\/\/erkanpartners.com\/?page_id=1302\"> <span class=\"screen-reader-text\">Hakk\u0131m\u0131zda<\/span> Devam\u0131 &raquo;<\/a><\/p>\n","protected":false},"author":1,"featured_media":0,"parent":0,"menu_order":0,"comment_status":"closed","ping_status":"closed","template":"","meta":{"site-sidebar-layout":"no-sidebar","site-content-layout":"page-builder","ast-global-header-display":"","ast-main-header-display":"","ast-hfb-above-header-display":"","ast-hfb-below-header-display":"","ast-hfb-mobile-header-display":"","site-post-title":"disabled","ast-breadcrumbs-content":"","ast-featured-img":"","footer-sml-layout":"","theme-transparent-header-meta":"disabled","adv-header-id-meta":"","stick-header-meta":"","header-above-stick-meta":"","header-main-stick-meta":"","header-below-stick-meta":"","footnotes":""},"class_list":["post-1302","page","type-page","status-publish","hentry"],"_links":{"self":[{"href":"https:\/\/erkanpartners.com\/index.php?rest_route=\/wp\/v2\/pages\/1302","targetHints":{"allow":["GET"]}}],"collection":[{"href":"https:\/\/erkanpartners.com\/index.php?rest_route=\/wp\/v2\/pages"}],"about":[{"href":"https:\/\/erkanpartners.com\/index.php?rest_route=\/wp\/v2\/types\/page"}],"author":[{"embeddable":true,"href":"https:\/\/erkanpartners.com\/index.php?rest_route=\/wp\/v2\/users\/1"}],"replies":[{"embeddable":true,"href":"https:\/\/erkanpartners.com\/index.php?rest_route=%2Fwp%2Fv2%2Fcomments&post=1302"}],"version-history":[{"count":117,"href":"https:\/\/erkanpartners.com\/index.php?rest_route=\/wp\/v2\/pages\/1302\/revisions"}],"predecessor-version":[{"id":3321,"href":"https:\/\/erkanpartners.com\/index.php?rest_route=\/wp\/v2\/pages\/1302\/revisions\/3321"}],"wp:attachment":[{"href":"https:\/\/erkanpartners.com\/index.php?rest_route=%2Fwp%2Fv2%2Fmedia&parent=1302"}],"curies":[{"name":"wp","href":"https:\/\/api.w.org\/{rel}","templated":true}]}}